{"id":81,"date":"2025-12-16T12:19:48","date_gmt":"2025-12-16T12:19:48","guid":{"rendered":"https:\/\/hochadvokatur.li\/?page_id=81"},"modified":"2026-01-02T12:38:50","modified_gmt":"2026-01-02T12:38:50","slug":"herzlich-willkommen-2","status":"publish","type":"page","link":"https:\/\/hoch-advokatur.li\/en\/","title":{"rendered":""},"content":{"rendered":"<figure class=\"wp-block-image size-full intro\"><img loading=\"lazy\" decoding=\"async\" width=\"1920\" height=\"693\" src=\"https:\/\/hoch-advokatur.li\/wp-content\/uploads\/2021\/11\/business_center_blue.png\" alt=\"\" class=\"wp-image-155\" srcset=\"https:\/\/hoch-advokatur.li\/wp-content\/uploads\/2021\/11\/business_center_blue.png 1920w, https:\/\/hoch-advokatur.li\/wp-content\/uploads\/2021\/11\/business_center_blue-300x108.png 300w, https:\/\/hoch-advokatur.li\/wp-content\/uploads\/2021\/11\/business_center_blue-1024x370.png 1024w, https:\/\/hoch-advokatur.li\/wp-content\/uploads\/2021\/11\/business_center_blue-768x277.png 768w, https:\/\/hoch-advokatur.li\/wp-content\/uploads\/2021\/11\/business_center_blue-1536x554.png 1536w, https:\/\/hoch-advokatur.li\/wp-content\/uploads\/2021\/11\/business_center_blue-18x6.png 18w, https:\/\/hoch-advokatur.li\/wp-content\/uploads\/2021\/11\/business_center_blue-1200x433.png 1200w\" sizes=\"auto, (max-width: 1920px) 100vw, 1920px\" \/><\/figure>\n\n\n\n<p class=\"has-text-align-center quote\">Aufgrund der auf den 1. Januar 2026 in Kraft tretenden Justizreform \u00fcbe ich meine bisherige nebenamtliche Funktion als Pr\u00e4sident des Staatsgerichtshofes bis zu meinem R\u00fccktritt als Richter per 31. Dezember 2026 vollamtlich aus. Meine Anwaltst\u00e4tigkeit ist deshalb im ganzen Jahr 2026 suspendiert. Ab 1. Januar 2027 werde ich wieder anwaltlich t\u00e4tig sein.<br><br>Bei Fragen k\u00f6nnen Sie sich an mein Kanzleisekretariat wenden. Im \u00dcbrigen m\u00f6chte ich Sie auf die Anwaltsliste der Rechtsanwaltskammer verweisen: <a href=\"https:\/\/www.rak.li\/\">https:\/\/www.rak.li\/<\/a>.<\/p>\n\n\n\n<p class=\"has-text-align-center quote\">The best lawsuit is the one that does not have to be conducted at all. In the spirit of this maxim, I can also draw on the wealth of experience I have gained over many years as a judge to resolve my clients' legal disputes amicably in their best interest whenever possible.<\/p>\n\n\n\n<p><\/p>","protected":false},"excerpt":{"rendered":"<p>Aufgrund der auf den 1. Januar 2026 in Kraft tretenden Justizreform \u00fcbe ich meine bisherige nebenamtliche Funktion als Pr\u00e4sident des Staatsgerichtshofes bis zu meinem R\u00fccktritt als Richter per 31. Dezember 2026 vollamtlich aus. Meine Anwaltst\u00e4tigkeit ist deshalb im ganzen Jahr 2026 suspendiert. Ab 1. Januar 2027 werde ich wieder anwaltlich t\u00e4tig sein. Bei Fragen k\u00f6nnen [&hellip;]<\/p>","protected":false},"author":1,"featured_media":0,"parent":0,"menu_order":0,"comment_status":"closed","ping_status":"closed","template":"templates\/template-full-width.php","meta":{"footnotes":""},"class_list":["post-81","page","type-page","status-publish","hentry"],"yoast_head":"<!-- This site is optimized with the Yoast SEO plugin v26.6 - https:\/\/yoast.com\/wordpress\/plugins\/seo\/ -->\n<title>- Hoch Advokatur<\/title>\n<meta name=\"robots\" content=\"index, follow, max-snippet:-1, max-image-preview:large, max-video-preview:-1\" \/>\n<link rel=\"canonical\" href=\"https:\/\/hoch-advokatur.li\/en\/\" \/>\n<meta property=\"og:locale\" content=\"en_US\" \/>\n<meta property=\"og:type\" content=\"article\" \/>\n<meta property=\"og:title\" content=\"- Hoch Advokatur\" \/>\n<meta property=\"og:description\" content=\"Aufgrund der auf den 1. Januar 2026 in Kraft tretenden Justizreform \u00fcbe ich meine bisherige nebenamtliche Funktion als Pr\u00e4sident des Staatsgerichtshofes bis zu meinem R\u00fccktritt als Richter per 31. Dezember 2026 vollamtlich aus. Meine Anwaltst\u00e4tigkeit ist deshalb im ganzen Jahr 2026 suspendiert. Ab 1. Januar 2027 werde ich wieder anwaltlich t\u00e4tig sein. Bei Fragen k\u00f6nnen [&hellip;]\" \/>\n<meta property=\"og:url\" content=\"https:\/\/hoch-advokatur.li\/en\/\" \/>\n<meta property=\"og:site_name\" content=\"Hoch Advokatur\" \/>\n<meta property=\"article:modified_time\" content=\"2026-01-02T12:38:50+00:00\" \/>\n<meta property=\"og:image\" content=\"https:\/\/hoch-advokatur.li\/wp-content\/uploads\/2021\/11\/business_center_blue.png\" \/>\n\t<meta property=\"og:image:width\" content=\"1920\" \/>\n\t<meta property=\"og:image:height\" content=\"693\" \/>\n\t<meta property=\"og:image:type\" content=\"image\/png\" \/>\n<meta name=\"twitter:card\" content=\"summary_large_image\" \/>\n<meta name=\"twitter:label1\" content=\"Est. reading time\" \/>\n\t<meta name=\"twitter:data1\" content=\"1 minute\" \/>\n<script type=\"application\/ld+json\" class=\"yoast-schema-graph\">{\"@context\":\"https:\/\/schema.org\",\"@graph\":[{\"@type\":\"WebPage\",\"@id\":\"https:\/\/hoch-advokatur.li\/\",\"url\":\"https:\/\/hoch-advokatur.li\/\",\"name\":\"- Hoch Advokatur\",\"isPartOf\":{\"@id\":\"https:\/\/hoch-advokatur.li\/#website\"},\"primaryImageOfPage\":{\"@id\":\"https:\/\/hoch-advokatur.li\/#primaryimage\"},\"image\":{\"@id\":\"https:\/\/hoch-advokatur.li\/#primaryimage\"},\"thumbnailUrl\":\"https:\/\/hoch-advokatur.li\/wp-content\/uploads\/2021\/11\/business_center_blue.png\",\"datePublished\":\"2025-12-16T12:19:48+00:00\",\"dateModified\":\"2026-01-02T12:38:50+00:00\",\"inLanguage\":\"en-US\",\"potentialAction\":[{\"@type\":\"ReadAction\",\"target\":[\"https:\/\/hoch-advokatur.li\/\"]}]},{\"@type\":\"ImageObject\",\"inLanguage\":\"en-US\",\"@id\":\"https:\/\/hoch-advokatur.li\/#primaryimage\",\"url\":\"https:\/\/hoch-advokatur.li\/wp-content\/uploads\/2021\/11\/business_center_blue.png\",\"contentUrl\":\"https:\/\/hoch-advokatur.li\/wp-content\/uploads\/2021\/11\/business_center_blue.png\"},{\"@type\":\"WebSite\",\"@id\":\"https:\/\/hoch-advokatur.li\/#website\",\"url\":\"https:\/\/hoch-advokatur.li\/\",\"name\":\"Hoch Advokatur\",\"description\":\"\",\"publisher\":{\"@id\":\"https:\/\/hoch-advokatur.li\/#organization\"},\"potentialAction\":[{\"@type\":\"SearchAction\",\"target\":{\"@type\":\"EntryPoint\",\"urlTemplate\":\"https:\/\/hoch-advokatur.li\/?s={search_term_string}\"},\"query-input\":{\"@type\":\"PropertyValueSpecification\",\"valueRequired\":true,\"valueName\":\"search_term_string\"}}],\"inLanguage\":\"en-US\"},{\"@type\":\"Organization\",\"@id\":\"https:\/\/hoch-advokatur.li\/#organization\",\"name\":\"Hoch Advokatur\",\"url\":\"https:\/\/hoch-advokatur.li\/\",\"logo\":{\"@type\":\"ImageObject\",\"inLanguage\":\"en-US\",\"@id\":\"https:\/\/hoch-advokatur.li\/#\/schema\/logo\/image\/\",\"url\":\"https:\/\/hoch-advokatur.li\/wp-content\/uploads\/2020\/12\/cropped-cropped-HochAdvokatur_DarkGrey-1-e1608628908170.png\",\"contentUrl\":\"https:\/\/hoch-advokatur.li\/wp-content\/uploads\/2020\/12\/cropped-cropped-HochAdvokatur_DarkGrey-1-e1608628908170.png\",\"width\":500,\"height\":68,\"caption\":\"Hoch Advokatur\"},\"image\":{\"@id\":\"https:\/\/hoch-advokatur.li\/#\/schema\/logo\/image\/\"}}]}<\/script>\n<!-- \/ Yoast SEO plugin. -->","yoast_head_json":{"title":"- Hoch Advokatur","robots":{"index":"index","follow":"follow","max-snippet":"max-snippet:-1","max-image-preview":"max-image-preview:large","max-video-preview":"max-video-preview:-1"},"canonical":"https:\/\/hoch-advokatur.li\/en\/","og_locale":"en_US","og_type":"article","og_title":"- Hoch Advokatur","og_description":"Aufgrund der auf den 1. Januar 2026 in Kraft tretenden Justizreform \u00fcbe ich meine bisherige nebenamtliche Funktion als Pr\u00e4sident des Staatsgerichtshofes bis zu meinem R\u00fccktritt als Richter per 31. Dezember 2026 vollamtlich aus. Meine Anwaltst\u00e4tigkeit ist deshalb im ganzen Jahr 2026 suspendiert. Ab 1. Januar 2027 werde ich wieder anwaltlich t\u00e4tig sein. Bei Fragen k\u00f6nnen [&hellip;]","og_url":"https:\/\/hoch-advokatur.li\/en\/","og_site_name":"Hoch Advokatur","article_modified_time":"2026-01-02T12:38:50+00:00","og_image":[{"width":1920,"height":693,"url":"https:\/\/hoch-advokatur.li\/wp-content\/uploads\/2021\/11\/business_center_blue.png","type":"image\/png"}],"twitter_card":"summary_large_image","twitter_misc":{"Est. reading time":"1 minute"},"schema":{"@context":"https:\/\/schema.org","@graph":[{"@type":"WebPage","@id":"https:\/\/hoch-advokatur.li\/","url":"https:\/\/hoch-advokatur.li\/","name":"- Hoch Advokatur","isPartOf":{"@id":"https:\/\/hoch-advokatur.li\/#website"},"primaryImageOfPage":{"@id":"https:\/\/hoch-advokatur.li\/#primaryimage"},"image":{"@id":"https:\/\/hoch-advokatur.li\/#primaryimage"},"thumbnailUrl":"https:\/\/hoch-advokatur.li\/wp-content\/uploads\/2021\/11\/business_center_blue.png","datePublished":"2025-12-16T12:19:48+00:00","dateModified":"2026-01-02T12:38:50+00:00","inLanguage":"en-US","potentialAction":[{"@type":"ReadAction","target":["https:\/\/hoch-advokatur.li\/"]}]},{"@type":"ImageObject","inLanguage":"en-US","@id":"https:\/\/hoch-advokatur.li\/#primaryimage","url":"https:\/\/hoch-advokatur.li\/wp-content\/uploads\/2021\/11\/business_center_blue.png","contentUrl":"https:\/\/hoch-advokatur.li\/wp-content\/uploads\/2021\/11\/business_center_blue.png"},{"@type":"WebSite","@id":"https:\/\/hoch-advokatur.li\/#website","url":"https:\/\/hoch-advokatur.li\/","name":"Hoch Advokatur","description":"","publisher":{"@id":"https:\/\/hoch-advokatur.li\/#organization"},"potentialAction":[{"@type":"SearchAction","target":{"@type":"EntryPoint","urlTemplate":"https:\/\/hoch-advokatur.li\/?s={search_term_string}"},"query-input":{"@type":"PropertyValueSpecification","valueRequired":true,"valueName":"search_term_string"}}],"inLanguage":"en-US"},{"@type":"Organization","@id":"https:\/\/hoch-advokatur.li\/#organization","name":"Hoch Advokatur","url":"https:\/\/hoch-advokatur.li\/","logo":{"@type":"ImageObject","inLanguage":"en-US","@id":"https:\/\/hoch-advokatur.li\/#\/schema\/logo\/image\/","url":"https:\/\/hoch-advokatur.li\/wp-content\/uploads\/2020\/12\/cropped-cropped-HochAdvokatur_DarkGrey-1-e1608628908170.png","contentUrl":"https:\/\/hoch-advokatur.li\/wp-content\/uploads\/2020\/12\/cropped-cropped-HochAdvokatur_DarkGrey-1-e1608628908170.png","width":500,"height":68,"caption":"Hoch Advokatur"},"image":{"@id":"https:\/\/hoch-advokatur.li\/#\/schema\/logo\/image\/"}}]}},"_links":{"self":[{"href":"https:\/\/hoch-advokatur.li\/en\/wp-json\/wp\/v2\/pages\/81","targetHints":{"allow":["GET"]}}],"collection":[{"href":"https:\/\/hoch-advokatur.li\/en\/wp-json\/wp\/v2\/pages"}],"about":[{"href":"https:\/\/hoch-advokatur.li\/en\/wp-json\/wp\/v2\/types\/page"}],"author":[{"embeddable":true,"href":"https:\/\/hoch-advokatur.li\/en\/wp-json\/wp\/v2\/users\/1"}],"replies":[{"embeddable":true,"href":"https:\/\/hoch-advokatur.li\/en\/wp-json\/wp\/v2\/comments?post=81"}],"version-history":[{"count":13,"href":"https:\/\/hoch-advokatur.li\/en\/wp-json\/wp\/v2\/pages\/81\/revisions"}],"predecessor-version":[{"id":216,"href":"https:\/\/hoch-advokatur.li\/en\/wp-json\/wp\/v2\/pages\/81\/revisions\/216"}],"wp:attachment":[{"href":"https:\/\/hoch-advokatur.li\/en\/wp-json\/wp\/v2\/media?parent=81"}],"curies":[{"name":"wp","href":"https:\/\/api.w.org\/{rel}","templated":true}]}}