{"id":31,"date":"2020-12-21T06:59:07","date_gmt":"2020-12-21T06:59:07","guid":{"rendered":"https:\/\/hochadvokatur.li\/?page_id=31"},"modified":"2025-10-08T09:11:09","modified_gmt":"2025-10-08T09:11:09","slug":"publikationen","status":"publish","type":"page","link":"https:\/\/hoch-advokatur.li\/en\/publikationen\/","title":{"rendered":"Publications"},"content":{"rendered":"<ul class=\"wp-block-list\">\n<li>Staatsgerichtshof und Bundesgericht \u2013 zahlreiche Ber\u00fchrungspunkte, in Federica De Rossa\/Gr\u00e9gory Bovey\/Christoph Hurni, FS 150 Jahre Bundesgericht, Bern 2025, 393 ff. (<a href=\"https:\/\/hoch-advokatur.li\/wp-content\/uploads\/2025\/10\/Hoch-aus-FS_150_Jahre_Bundesgericht.pdf\" target=\"_blank\" rel=\"noreferrer noopener\">PDF<\/a>)<\/li>\n\n\n\n<li>The Role of Superior Courts in Ensuring the Independence of the Judiciary in European \u201cMicro States\u201d, in: Dipartimento Affari Esteri \u2013 Repubblica di San Marino,&nbsp;Aspects&nbsp;of constitutionalism&nbsp;in European small-sized States, San Marino 2024, 119-122. (<a href=\"https:\/\/hoch-advokatur.li\/wp-content\/uploads\/2025\/07\/San-Marino1.pdf\" target=\"_blank\" rel=\"noreferrer noopener\">PDF<\/a>)<\/li>\n\n\n\n<li>The Liechtenstein Constitutional Court and the Primacy of EEA Law, in P\u00e1ll Hreinsson\/\u00d3lafur J\u00f3hannes Einarsson\/Brynd\u00eds P\u00e1lmarsd\u00f3ttir (Hrsg.), The EFTA Court. Developing the EEA over Three Decades, Oxford etc. 2024, 113. (<a href=\"https:\/\/hoch-advokatur.li\/wp-content\/uploads\/2025\/01\/EFTA_Court_30th_Anniversary_Book-seiten-2-komprimiert.pdf\" target=\"_blank\" rel=\"noreferrer noopener\">PDF<\/a>)<\/li>\n\n\n\n<li>Der Begr\u00fcndungsstil des liechtensteinischen Staatsgerichtshofes, Zeitschrift f\u00fcr \u00f6ffentliches Recht (Z\u00f6R), Heft 3, 2024, 489. (<a href=\"https:\/\/hoch-advokatur.li\/wp-content\/uploads\/2025\/01\/zoer.pdf\" target=\"_blank\" rel=\"noreferrer noopener\">PDF<\/a>)<\/li>\n\n\n\n<li>100 Jahre Teilrezeption des Schweizerischen Zivilgesetzbuches in Liechtenstein, LJZ 4\/2023, S. 280-288. (<a href=\"https:\/\/hoch-advokatur.li\/wp-content\/uploads\/2025\/01\/2501_001.pdf\" target=\"_blank\" rel=\"noreferrer noopener\">PDF<\/a>)<\/li>\n\n\n\n<li>Hilmar Hoch, Der Staatsgerichtshof damals und heute, in: Christian Frommelt, M\u00e4rten Geiger (Hrsg.) \u00abUnd nach dem Nachdenken kommt das Handeln\u00bb Festschrift zum 75. Geburtstag von Guido Meier, LPS Bd. 63, Gamprin-Bendern 2023, 391 ff. (<a href=\"https:\/\/hoch-advokatur.li\/wp-content\/uploads\/2023\/04\/LPS_63_FS_Guido_Meier_Beitrag_Hilmar_Hoch.pdf\" target=\"_blank\" rel=\"noreferrer noopener\">PDF<\/a>)<\/li>\n\n\n\n<li>Schiedsgerichtsbarkeit und Grundrechte, in: Hubertus Schumacher\/Wigbert Zimmermann (Hrsg.), FS 100 Jahre F\u00fcrstlicher Oberster Gerichtshof, Der Einfluss der h\u00f6chstgerichtlichen Rechtsprechung auf Finanz und Wirtschaft, Wien 2022, 269 (<a href=\"https:\/\/hoch-advokatur.li\/wp-content\/uploads\/2022\/11\/S30C-922060107591.pdf\" target=\"_blank\" rel=\"noreferrer noopener\">PDF<\/a>)<\/li>\n\n\n\n<li>Grundprinzipien und Kerngehalte der Grundrechte der Landesverfassung\u201c. Der EWR-Vorbehalt des Staatsgerichtshofes als materielle Verfassungs\u00e4nderungsschranke, in: Hilmar Hoch\/Christina Neier\/Patricia M. Schiess R\u00fctimann (Hrsg.), 100 Jahre liechtensteinische Verfassung. Funktion, Entwicklungen und Verh\u00e4ltnis zu Europa, LPS Bd. 62, Gamprin-Bendern 2021, 51 (<a href=\"https:\/\/hoch-advokatur.li\/wp-content\/uploads\/2022\/10\/LPS-62-Beitrag-HH.pdf\" target=\"_blank\" rel=\"noreferrer noopener\">PDF<\/a>)<\/li>\n\n\n\n<li>Verfassungsgerichtsbarkeit im Kleinstaat \u2013 das Beispiel Liechtenstein, Zeitschrift f\u00fcr \u00f6ffentliches Recht 76 (2021), 1219; ebenfalls publiziert in: ebenfalls publiziert in: Peter Bussj\u00e4ger\/Anna Gamper (Hrsg.), 100 Jahre Liechtensteinische Verfassung, Wien\/Z\u00fcrich 2022, 63 (<a href=\"https:\/\/hoch-advokatur.li\/wp-content\/uploads\/2022\/05\/zoer202104121901.pdf\" target=\"_blank\" rel=\"noreferrer noopener\">PDF<\/a>)<\/li>\n\n\n\n<li>Die EMRK in der Rechtsprechung des Staatsgerichtshofs, Liechtensteinische Juristenzeitung (LJZ) 2018, 111 <a href=\"https:\/\/hoch-advokatur.li\/wp-content\/uploads\/2021\/01\/Die_EMRK_in_der_Rechtsprechung_des_Staatsgerichtshofes_3_2018.pdf\" target=\"_blank\" rel=\"noreferrer noopener\">(PDF)<\/a><\/li>\n\n\n\n<li>Der liechtensteinische Staatsgerichtshof und Daniel Th\u00fcrers Beitrag zu dessen Rechtsprechung und Selbstverst\u00e4ndnis, in: Giovanni Biaggini\/Oliver Diggelmann\/Christine Kaufmann (Hrsg.), Polis und Kosmopolis, Festschrift f\u00fcr Daniel Th\u00fcrer, Z\u00fcrich 2015, 257<a href=\"https:\/\/hoch-advokatur.li\/wp-content\/uploads\/2021\/01\/Polis_und_Kosmopolis_LI_Staatgerichtshof.pdf\" target=\"_blank\" rel=\"noreferrer noopener\">(PDF)<\/a><\/li>\n\n\n\n<li>Einheitliche Eingriffskriterien f\u00fcr alle Grundrechte? in: Liechtenstein-Institut (Hrsg.), Beitr\u00e4ge zum liechtensteinischen Recht aus nationaler und internationaler Perspektive, Festschrift zum 70. Geburtstag von Herbert Wille, Schaan 2014, 183 <a href=\"https:\/\/hoch-advokatur.li\/wp-content\/uploads\/2021\/01\/LPS_54_183_200_Hoch_Einheitliche_Eingriffskriterien_fuer_alle_Grundrechte.pdf\" target=\"_blank\" rel=\"noreferrer noopener\">(PDF)<\/a><\/li>\n\n\n\n<li>Staatsgerichtshof und Oberster Gerichtshof in Liechtenstein. Zum Verh\u00e4ltnis zwischen Verfassungs- und Fachgerichtsbarkeit, in: Hubertus Schumacher\/Wigbert Zimmermann (Hrsg), Festschrift f\u00fcr Gert Delle Karth \u2013 90 Jahre F\u00fcrstlicher Oberster Gerichtshof, 2013, 415 <a href=\"https:\/\/hoch-advokatur.li\/wp-content\/uploads\/2021\/01\/90_Jahre_Fuerstlicher_Oberster_Gerichthof_FS_fuer_Gert_Delle_Karth.pdf\" target=\"_blank\" rel=\"noreferrer noopener\">(PDF)<\/a><\/li>\n\n\n\n<li>Meinungsfreiheit, in: Andreas Kley\/Klaus A. Vallender (Hrsg.), Grundrechtspraxis in Liechtenstein, Schaan 2012, 195 (aktualisierte und erg\u00e4nzte Fassung: Hoch, Hilmar\/Sch\u00e4dler, Robin, Art. 40 LV, in: Liechtenstein-Institut [Hrsg.], Kommentar zur liechtensteinischen Verfassung. Online-Kommentar, Bendern 2016, verfassung.li) <a href=\"https:\/\/hoch-advokatur.li\/wp-content\/uploads\/2021\/01\/LPS_52_195_214_Hoch_Meinungsfreiheit.pdf\" target=\"_blank\" rel=\"noreferrer noopener\">(PDF)<\/a><\/li>\n\n\n\n<li>Archivrecht und Grundrechte \u2013 Rechtsgutachten zur Quellenedition des Landesarchivs betreffend die 1930er und 1940er Jahre, Liechtensteinische Juristenzeitung (LJZ) 2011, 28 <a href=\"https:\/\/hoch-advokatur.li\/wp-content\/uploads\/2021\/01\/LJZ_Rechtsgutachten_zur_Quellenedition_des_Landesarchivs_usw.pdf\" target=\"_blank\" rel=\"noreferrer noopener\">(PDF)<\/a><\/li>\n\n\n\n<li>Die Regelung des staatlichen Zugriffs auf Fernmeldedaten im Kommunikationsgesetz aus grund-rechtlicher Sicht, Liechtensteinische Juristenzeitung (LJZ) 2009, 99 <a href=\"https:\/\/hoch-advokatur.li\/wp-content\/uploads\/2021\/01\/LJZ_die_Regelung_des_staatlichen_Zugriffs_usw.pdf\" target=\"_blank\" rel=\"noreferrer noopener\">(PDF)<\/a><\/li>\n\n\n\n<li>Kriterien der Einschr\u00e4nkung von Grundrechten in der Praxis der Verfassungsgerichtsbarkeit (Landesbericht Liechtenstein), Europ\u00e4ische Grundrechtszeitschrift (EuGRZ) 2006, 640 <a href=\"https:\/\/hoch-advokatur.li\/wp-content\/uploads\/2021\/01\/EuGRZ_Kriterien_der_Einschr_nkungen_von_Grundrechten_in_der_Parxis_der_Verfassungsgerichtsbarkeit.pdf\" target=\"_blank\" rel=\"noreferrer noopener\">(PDF)<\/a><\/li>\n\n\n\n<li>Schwerpunkte in der Entwicklung der Grundrechtsprechung des Staatsgerichtshofes, in: Herbert Wille (Hrsg.), Verfassungsgerichtsbarkeit im F\u00fcrstentums Liechtenstein, Vaduz 2001, 65 <a href=\"https:\/\/hoch-advokatur.li\/wp-content\/uploads\/2021\/01\/Schwerpunkt_in_der_Entwicklung_der_Grundrechtssprechung_des_StGH_Band_32.pdf\" target=\"_blank\" rel=\"noreferrer noopener\">(PDF)<\/a><\/li>\n\n\n\n<li>Verfassung- und Gesetzgebung, in: Gerard Batliner (Hrsg.), Die liechtensteinische Verfassung 1921, Vaduz 1994, 201 <a href=\"https:\/\/hoch-advokatur.li\/wp-content\/uploads\/2021\/01\/Verfassung__und_Gesetzgebung_Band_21.pdf\" target=\"_blank\" rel=\"noreferrer noopener\">(PDF)<\/a><\/li>\n\n\n\n<li>Grundrechtliche Verfahrensgarantien in der Rechtsprechung des liechtensteinischen Staatsgerichtshofes, in: Grundrechtschutz im gerichtlichen Verfahren, Wien 1994, 105<\/li>\n\n\n\n<li>Geschichte des liechtensteinischen Sozialversicherungsrechts, Schaan 1991 <a href=\"https:\/\/hoch-advokatur.li\/wp-content\/uploads\/2021\/01\/Inaugural-Dissertation_HH.pdf\" target=\"_blank\" rel=\"noreferrer noopener\">(PDF)<\/a><\/li>\n\n\n\n<li>Konkordanz- und Konkurrenzdemokratie in Bezug auf Liechtenstein, Liechtensteinische Juristenzeitung (LJZ) 1989, 77<\/li>\n\n\n\n<li>Zudem: Diverse Buchrezensionen in der Liechtensteinischen Juristenzeitung (LJZ)<\/li>\n<\/ul>","protected":false},"excerpt":{"rendered":"","protected":false},"author":1,"featured_media":0,"parent":0,"menu_order":0,"comment_status":"closed","ping_status":"closed","template":"templates\/template-full-width.php","meta":{"footnotes":""},"class_list":["post-31","page","type-page","status-publish","hentry"],"yoast_head":"<!-- This site is optimized with the Yoast SEO plugin v26.6 - https:\/\/yoast.com\/wordpress\/plugins\/seo\/ -->\n<title>Publikationen - Hoch Advokatur<\/title>\n<meta name=\"robots\" content=\"index, follow, max-snippet:-1, max-image-preview:large, max-video-preview:-1\" \/>\n<link rel=\"canonical\" href=\"https:\/\/hoch-advokatur.li\/en\/publikationen\/\" \/>\n<meta property=\"og:locale\" content=\"en_US\" \/>\n<meta property=\"og:type\" content=\"article\" \/>\n<meta property=\"og:title\" content=\"Publikationen - Hoch Advokatur\" \/>\n<meta property=\"og:url\" content=\"https:\/\/hoch-advokatur.li\/en\/publikationen\/\" \/>\n<meta property=\"og:site_name\" content=\"Hoch Advokatur\" \/>\n<meta property=\"article:modified_time\" content=\"2025-10-08T09:11:09+00:00\" \/>\n<meta name=\"twitter:card\" content=\"summary_large_image\" \/>\n<meta name=\"twitter:label1\" content=\"Est. reading time\" \/>\n\t<meta name=\"twitter:data1\" content=\"3 minutes\" \/>\n<script type=\"application\/ld+json\" class=\"yoast-schema-graph\">{\"@context\":\"https:\/\/schema.org\",\"@graph\":[{\"@type\":\"WebPage\",\"@id\":\"https:\/\/hoch-advokatur.li\/publikationen\/\",\"url\":\"https:\/\/hoch-advokatur.li\/publikationen\/\",\"name\":\"Publikationen - Hoch Advokatur\",\"isPartOf\":{\"@id\":\"https:\/\/hoch-advokatur.li\/#website\"},\"datePublished\":\"2020-12-21T06:59:07+00:00\",\"dateModified\":\"2025-10-08T09:11:09+00:00\",\"breadcrumb\":{\"@id\":\"https:\/\/hoch-advokatur.li\/publikationen\/#breadcrumb\"},\"inLanguage\":\"en-US\",\"potentialAction\":[{\"@type\":\"ReadAction\",\"target\":[\"https:\/\/hoch-advokatur.li\/publikationen\/\"]}]},{\"@type\":\"BreadcrumbList\",\"@id\":\"https:\/\/hoch-advokatur.li\/publikationen\/#breadcrumb\",\"itemListElement\":[{\"@type\":\"ListItem\",\"position\":1,\"name\":\"Startseite\",\"item\":\"https:\/\/hoch-advokatur.li\/\"},{\"@type\":\"ListItem\",\"position\":2,\"name\":\"Publikationen\"}]},{\"@type\":\"WebSite\",\"@id\":\"https:\/\/hoch-advokatur.li\/#website\",\"url\":\"https:\/\/hoch-advokatur.li\/\",\"name\":\"Hoch Advokatur\",\"description\":\"\",\"publisher\":{\"@id\":\"https:\/\/hoch-advokatur.li\/#organization\"},\"potentialAction\":[{\"@type\":\"SearchAction\",\"target\":{\"@type\":\"EntryPoint\",\"urlTemplate\":\"https:\/\/hoch-advokatur.li\/?s={search_term_string}\"},\"query-input\":{\"@type\":\"PropertyValueSpecification\",\"valueRequired\":true,\"valueName\":\"search_term_string\"}}],\"inLanguage\":\"en-US\"},{\"@type\":\"Organization\",\"@id\":\"https:\/\/hoch-advokatur.li\/#organization\",\"name\":\"Hoch Advokatur\",\"url\":\"https:\/\/hoch-advokatur.li\/\",\"logo\":{\"@type\":\"ImageObject\",\"inLanguage\":\"en-US\",\"@id\":\"https:\/\/hoch-advokatur.li\/#\/schema\/logo\/image\/\",\"url\":\"https:\/\/hoch-advokatur.li\/wp-content\/uploads\/2020\/12\/cropped-cropped-HochAdvokatur_DarkGrey-1-e1608628908170.png\",\"contentUrl\":\"https:\/\/hoch-advokatur.li\/wp-content\/uploads\/2020\/12\/cropped-cropped-HochAdvokatur_DarkGrey-1-e1608628908170.png\",\"width\":500,\"height\":68,\"caption\":\"Hoch Advokatur\"},\"image\":{\"@id\":\"https:\/\/hoch-advokatur.li\/#\/schema\/logo\/image\/\"}}]}<\/script>\n<!-- \/ Yoast SEO plugin. -->","yoast_head_json":{"title":"Publikationen - Hoch Advokatur","robots":{"index":"index","follow":"follow","max-snippet":"max-snippet:-1","max-image-preview":"max-image-preview:large","max-video-preview":"max-video-preview:-1"},"canonical":"https:\/\/hoch-advokatur.li\/en\/publikationen\/","og_locale":"en_US","og_type":"article","og_title":"Publikationen - Hoch Advokatur","og_url":"https:\/\/hoch-advokatur.li\/en\/publikationen\/","og_site_name":"Hoch Advokatur","article_modified_time":"2025-10-08T09:11:09+00:00","twitter_card":"summary_large_image","twitter_misc":{"Est. reading time":"3 minutes"},"schema":{"@context":"https:\/\/schema.org","@graph":[{"@type":"WebPage","@id":"https:\/\/hoch-advokatur.li\/publikationen\/","url":"https:\/\/hoch-advokatur.li\/publikationen\/","name":"Publikationen - Hoch Advokatur","isPartOf":{"@id":"https:\/\/hoch-advokatur.li\/#website"},"datePublished":"2020-12-21T06:59:07+00:00","dateModified":"2025-10-08T09:11:09+00:00","breadcrumb":{"@id":"https:\/\/hoch-advokatur.li\/publikationen\/#breadcrumb"},"inLanguage":"en-US","potentialAction":[{"@type":"ReadAction","target":["https:\/\/hoch-advokatur.li\/publikationen\/"]}]},{"@type":"BreadcrumbList","@id":"https:\/\/hoch-advokatur.li\/publikationen\/#breadcrumb","itemListElement":[{"@type":"ListItem","position":1,"name":"Startseite","item":"https:\/\/hoch-advokatur.li\/"},{"@type":"ListItem","position":2,"name":"Publikationen"}]},{"@type":"WebSite","@id":"https:\/\/hoch-advokatur.li\/#website","url":"https:\/\/hoch-advokatur.li\/","name":"Hoch Advokatur","description":"","publisher":{"@id":"https:\/\/hoch-advokatur.li\/#organization"},"potentialAction":[{"@type":"SearchAction","target":{"@type":"EntryPoint","urlTemplate":"https:\/\/hoch-advokatur.li\/?s={search_term_string}"},"query-input":{"@type":"PropertyValueSpecification","valueRequired":true,"valueName":"search_term_string"}}],"inLanguage":"en-US"},{"@type":"Organization","@id":"https:\/\/hoch-advokatur.li\/#organization","name":"Hoch Advokatur","url":"https:\/\/hoch-advokatur.li\/","logo":{"@type":"ImageObject","inLanguage":"en-US","@id":"https:\/\/hoch-advokatur.li\/#\/schema\/logo\/image\/","url":"https:\/\/hoch-advokatur.li\/wp-content\/uploads\/2020\/12\/cropped-cropped-HochAdvokatur_DarkGrey-1-e1608628908170.png","contentUrl":"https:\/\/hoch-advokatur.li\/wp-content\/uploads\/2020\/12\/cropped-cropped-HochAdvokatur_DarkGrey-1-e1608628908170.png","width":500,"height":68,"caption":"Hoch Advokatur"},"image":{"@id":"https:\/\/hoch-advokatur.li\/#\/schema\/logo\/image\/"}}]}},"_links":{"self":[{"href":"https:\/\/hoch-advokatur.li\/en\/wp-json\/wp\/v2\/pages\/31","targetHints":{"allow":["GET"]}}],"collection":[{"href":"https:\/\/hoch-advokatur.li\/en\/wp-json\/wp\/v2\/pages"}],"about":[{"href":"https:\/\/hoch-advokatur.li\/en\/wp-json\/wp\/v2\/types\/page"}],"author":[{"embeddable":true,"href":"https:\/\/hoch-advokatur.li\/en\/wp-json\/wp\/v2\/users\/1"}],"replies":[{"embeddable":true,"href":"https:\/\/hoch-advokatur.li\/en\/wp-json\/wp\/v2\/comments?post=31"}],"version-history":[{"count":24,"href":"https:\/\/hoch-advokatur.li\/en\/wp-json\/wp\/v2\/pages\/31\/revisions"}],"predecessor-version":[{"id":208,"href":"https:\/\/hoch-advokatur.li\/en\/wp-json\/wp\/v2\/pages\/31\/revisions\/208"}],"wp:attachment":[{"href":"https:\/\/hoch-advokatur.li\/en\/wp-json\/wp\/v2\/media?parent=31"}],"curies":[{"name":"wp","href":"https:\/\/api.w.org\/{rel}","templated":true}]}}